
{"id":1650,"date":"2025-04-22T09:03:43","date_gmt":"2025-04-22T09:03:43","guid":{"rendered":"https:\/\/menu.mercadobarriochino.com\/?post_type=product&#038;p=1650"},"modified":"2025-04-24T04:06:33","modified_gmt":"2025-04-24T04:06:33","slug":"te-verde-jazmin","status":"publish","type":"product","link":"https:\/\/menu.mercadobarriochino.com\/en\/product\/te-verde-jazmin\/","title":{"rendered":"T\u00e9 Verde \/ Jazmin"},"content":{"rendered":"<p>T\u00e9 verde con jazm\u00edn tra\u00eddo directamente de China. \u00a1un excelente digestivo!<\/p>","protected":false},"excerpt":{"rendered":"<p>T\u00e9 verde con jazm\u00edn tra\u00eddo directamente de China. \u00a1un excelente digestivo!<\/p>","protected":false},"featured_media":1623,"template":"","meta":[],"product_brand":[],"product_cat":[23],"product_tag":[28],"class_list":{"0":"post-1650","1":"product","2":"type-product","3":"status-publish","4":"has-post-thumbnail","6":"product_cat-bebidas","7":"product_tag-bebidas","9":"first","10":"instock","11":"shipping-taxable","12":"purchasable","13":"product-type-variable"},"_links":{"self":[{"href":"https:\/\/menu.mercadobarriochino.com\/en\/wp-json\/wp\/v2\/product\/1650","targetHints":{"allow":["GET"]}}],"collection":[{"href":"https:\/\/menu.mercadobarriochino.com\/en\/wp-json\/wp\/v2\/product"}],"about":[{"href":"https:\/\/menu.mercadobarriochino.com\/en\/wp-json\/wp\/v2\/types\/product"}],"wp:featuredmedia":[{"embeddable":true,"href":"https:\/\/menu.mercadobarriochino.com\/en\/wp-json\/wp\/v2\/media\/1623"}],"wp:attachment":[{"href":"https:\/\/menu.mercadobarriochino.com\/en\/wp-json\/wp\/v2\/media?parent=1650"}],"wp:term":[{"taxonomy":"product_brand","embeddable":true,"href":"https:\/\/menu.mercadobarriochino.com\/en\/wp-json\/wp\/v2\/product_brand?post=1650"},{"taxonomy":"product_cat","embeddable":true,"href":"https:\/\/menu.mercadobarriochino.com\/en\/wp-json\/wp\/v2\/product_cat?post=1650"},{"taxonomy":"product_tag","embeddable":true,"href":"https:\/\/menu.mercadobarriochino.com\/en\/wp-json\/wp\/v2\/product_tag?post=1650"}],"curies":[{"name":"wp","href":"https:\/\/api.w.org\/{rel}","templated":true}]}}