
{"id":1871,"date":"2025-04-26T08:24:44","date_gmt":"2025-04-26T08:24:44","guid":{"rendered":"https:\/\/menu.mercadobarriochino.com\/?post_type=product&#038;p=1871"},"modified":"2025-04-30T05:25:43","modified_gmt":"2025-04-30T05:25:43","slug":"ramune-soda-japonesa","status":"publish","type":"product","link":"https:\/\/menu.mercadobarriochino.com\/en\/product\/ramune-soda-japonesa\/","title":{"rendered":"RAMUNE (SODA JAPONESA)"},"content":{"rendered":"<p>Refresco t\u00edpico japones. Parte de la experiencia del verano japones por excelencia, estas botellas \u00fanicas vienen con un cuello de tap\u00f3n de m\u00e1rmol de vidrio tradicional.<\/p>","protected":false},"excerpt":{"rendered":"<p>Refresco t\u00edpico japones. Parte de la experiencia del verano japones por excelencia, estas botellas \u00fanicas vienen con un cuello de tap\u00f3n de m\u00e1rmol de vidrio tradicional.<\/p>","protected":false},"featured_media":1944,"template":"","meta":[],"product_brand":[],"product_cat":[23],"product_tag":[],"class_list":{"0":"post-1871","1":"product","2":"type-product","3":"status-publish","4":"has-post-thumbnail","6":"product_cat-bebidas","8":"first","9":"instock","10":"shipping-taxable","11":"purchasable","12":"product-type-variable"},"_links":{"self":[{"href":"https:\/\/menu.mercadobarriochino.com\/en\/wp-json\/wp\/v2\/product\/1871","targetHints":{"allow":["GET"]}}],"collection":[{"href":"https:\/\/menu.mercadobarriochino.com\/en\/wp-json\/wp\/v2\/product"}],"about":[{"href":"https:\/\/menu.mercadobarriochino.com\/en\/wp-json\/wp\/v2\/types\/product"}],"wp:featuredmedia":[{"embeddable":true,"href":"https:\/\/menu.mercadobarriochino.com\/en\/wp-json\/wp\/v2\/media\/1944"}],"wp:attachment":[{"href":"https:\/\/menu.mercadobarriochino.com\/en\/wp-json\/wp\/v2\/media?parent=1871"}],"wp:term":[{"taxonomy":"product_brand","embeddable":true,"href":"https:\/\/menu.mercadobarriochino.com\/en\/wp-json\/wp\/v2\/product_brand?post=1871"},{"taxonomy":"product_cat","embeddable":true,"href":"https:\/\/menu.mercadobarriochino.com\/en\/wp-json\/wp\/v2\/product_cat?post=1871"},{"taxonomy":"product_tag","embeddable":true,"href":"https:\/\/menu.mercadobarriochino.com\/en\/wp-json\/wp\/v2\/product_tag?post=1871"}],"curies":[{"name":"wp","href":"https:\/\/api.w.org\/{rel}","templated":true}]}}