
{"id":3704,"date":"2025-07-19T19:16:20","date_gmt":"2025-07-19T19:16:20","guid":{"rendered":"https:\/\/menu.mercadobarriochino.com\/?post_type=product&#038;p=3704"},"modified":"2025-07-19T21:38:56","modified_gmt":"2025-07-19T21:38:56","slug":"proteina-de-vainilla-regular-con-leche-de-tu-preferencia","status":"publish","type":"product","link":"https:\/\/menu.mercadobarriochino.com\/en\/product\/proteina-de-vainilla-regular-con-leche-de-tu-preferencia\/","title":{"rendered":"Prote\u00edna de Vainilla Regular con leche de tu preferencia"},"content":{"rendered":"<p>Shake de Prote\u00edna con la leche de tu elecci\u00f3n y shot de helado de Vainilla!<\/p>","protected":false},"excerpt":{"rendered":"<p>Shake de Prote\u00edna con la leche de tu elecci\u00f3n y shot de helado de Vainilla!<\/p>","protected":false},"featured_media":3706,"template":"","meta":[],"product_brand":[],"product_cat":[15],"product_tag":[],"class_list":{"0":"post-3704","1":"product","2":"type-product","3":"status-publish","4":"has-post-thumbnail","6":"product_cat-platillos","8":"first","9":"instock","10":"shipping-taxable","11":"purchasable","12":"product-type-simple"},"_links":{"self":[{"href":"https:\/\/menu.mercadobarriochino.com\/en\/wp-json\/wp\/v2\/product\/3704","targetHints":{"allow":["GET"]}}],"collection":[{"href":"https:\/\/menu.mercadobarriochino.com\/en\/wp-json\/wp\/v2\/product"}],"about":[{"href":"https:\/\/menu.mercadobarriochino.com\/en\/wp-json\/wp\/v2\/types\/product"}],"wp:featuredmedia":[{"embeddable":true,"href":"https:\/\/menu.mercadobarriochino.com\/en\/wp-json\/wp\/v2\/media\/3706"}],"wp:attachment":[{"href":"https:\/\/menu.mercadobarriochino.com\/en\/wp-json\/wp\/v2\/media?parent=3704"}],"wp:term":[{"taxonomy":"product_brand","embeddable":true,"href":"https:\/\/menu.mercadobarriochino.com\/en\/wp-json\/wp\/v2\/product_brand?post=3704"},{"taxonomy":"product_cat","embeddable":true,"href":"https:\/\/menu.mercadobarriochino.com\/en\/wp-json\/wp\/v2\/product_cat?post=3704"},{"taxonomy":"product_tag","embeddable":true,"href":"https:\/\/menu.mercadobarriochino.com\/en\/wp-json\/wp\/v2\/product_tag?post=3704"}],"curies":[{"name":"wp","href":"https:\/\/api.w.org\/{rel}","templated":true}]}}