
{"id":3763,"date":"2025-07-19T21:27:15","date_gmt":"2025-07-19T21:27:15","guid":{"rendered":"https:\/\/menu.mercadobarriochino.com\/?post_type=product&#038;p=3763"},"modified":"2025-07-19T23:41:05","modified_gmt":"2025-07-19T23:41:05","slug":"bingsu-de-chocolate-regular-o-vegano","status":"publish","type":"product","link":"https:\/\/menu.mercadobarriochino.com\/en\/product\/bingsu-de-chocolate-regular-o-vegano\/","title":{"rendered":"Bingsu de Chocolate. REGULAR \u00f3 VEGANO."},"content":{"rendered":"<p>Raspado de Leche con Chocolate! El postre perfecto! (puede ser tambi\u00e9n en opci\u00f3n vegana con base de leche de almendras)<\/p>","protected":false},"excerpt":{"rendered":"<p>Raspado de Leche con Chocolate! El postre perfecto! (puede ser tambi\u00e9n en opci\u00f3n vegana con base de leche de almendras)<\/p>","protected":false},"featured_media":3777,"template":"","meta":[],"product_brand":[],"product_cat":[15],"product_tag":[],"class_list":{"0":"post-3763","1":"product","2":"type-product","3":"status-publish","4":"has-post-thumbnail","6":"product_cat-platillos","8":"first","9":"instock","10":"shipping-taxable","11":"purchasable","12":"product-type-simple"},"_links":{"self":[{"href":"https:\/\/menu.mercadobarriochino.com\/en\/wp-json\/wp\/v2\/product\/3763","targetHints":{"allow":["GET"]}}],"collection":[{"href":"https:\/\/menu.mercadobarriochino.com\/en\/wp-json\/wp\/v2\/product"}],"about":[{"href":"https:\/\/menu.mercadobarriochino.com\/en\/wp-json\/wp\/v2\/types\/product"}],"wp:featuredmedia":[{"embeddable":true,"href":"https:\/\/menu.mercadobarriochino.com\/en\/wp-json\/wp\/v2\/media\/3777"}],"wp:attachment":[{"href":"https:\/\/menu.mercadobarriochino.com\/en\/wp-json\/wp\/v2\/media?parent=3763"}],"wp:term":[{"taxonomy":"product_brand","embeddable":true,"href":"https:\/\/menu.mercadobarriochino.com\/en\/wp-json\/wp\/v2\/product_brand?post=3763"},{"taxonomy":"product_cat","embeddable":true,"href":"https:\/\/menu.mercadobarriochino.com\/en\/wp-json\/wp\/v2\/product_cat?post=3763"},{"taxonomy":"product_tag","embeddable":true,"href":"https:\/\/menu.mercadobarriochino.com\/en\/wp-json\/wp\/v2\/product_tag?post=3763"}],"curies":[{"name":"wp","href":"https:\/\/api.w.org\/{rel}","templated":true}]}}