
{"id":3768,"date":"2025-07-19T21:30:18","date_gmt":"2025-07-19T21:30:18","guid":{"rendered":"https:\/\/menu.mercadobarriochino.com\/?post_type=product&#038;p=3768"},"modified":"2025-07-19T23:47:45","modified_gmt":"2025-07-19T23:47:45","slug":"bingsu-de-mango-regular-o-vegano","status":"publish","type":"product","link":"https:\/\/menu.mercadobarriochino.com\/en\/product\/bingsu-de-mango-regular-o-vegano\/","title":{"rendered":"Bingsu de Mango. REGULAR \u00f3 VEGANO"},"content":{"rendered":"<p>Raspado de base leche con mango y toppings. S\u00faper fresco y delicioso! (opci\u00f3n Regular o Vegano)<\/p>","protected":false},"excerpt":{"rendered":"<p>Raspado de base leche con mango y toppings. S\u00faper fresco y delicioso! (opci\u00f3n Regular o Vegano)<\/p>","protected":false},"featured_media":3776,"template":"","meta":[],"product_brand":[],"product_cat":[45],"product_tag":[],"class_list":{"0":"post-3768","1":"product","2":"type-product","3":"status-publish","4":"has-post-thumbnail","6":"product_cat-mas-vendidos","8":"first","9":"instock","10":"shipping-taxable","11":"purchasable","12":"product-type-simple"},"_links":{"self":[{"href":"https:\/\/menu.mercadobarriochino.com\/en\/wp-json\/wp\/v2\/product\/3768","targetHints":{"allow":["GET"]}}],"collection":[{"href":"https:\/\/menu.mercadobarriochino.com\/en\/wp-json\/wp\/v2\/product"}],"about":[{"href":"https:\/\/menu.mercadobarriochino.com\/en\/wp-json\/wp\/v2\/types\/product"}],"wp:featuredmedia":[{"embeddable":true,"href":"https:\/\/menu.mercadobarriochino.com\/en\/wp-json\/wp\/v2\/media\/3776"}],"wp:attachment":[{"href":"https:\/\/menu.mercadobarriochino.com\/en\/wp-json\/wp\/v2\/media?parent=3768"}],"wp:term":[{"taxonomy":"product_brand","embeddable":true,"href":"https:\/\/menu.mercadobarriochino.com\/en\/wp-json\/wp\/v2\/product_brand?post=3768"},{"taxonomy":"product_cat","embeddable":true,"href":"https:\/\/menu.mercadobarriochino.com\/en\/wp-json\/wp\/v2\/product_cat?post=3768"},{"taxonomy":"product_tag","embeddable":true,"href":"https:\/\/menu.mercadobarriochino.com\/en\/wp-json\/wp\/v2\/product_tag?post=3768"}],"curies":[{"name":"wp","href":"https:\/\/api.w.org\/{rel}","templated":true}]}}