
{"id":5724,"date":"2025-09-06T21:06:27","date_gmt":"2025-09-06T21:06:27","guid":{"rendered":"https:\/\/menu.mercadobarriochino.com\/?post_type=product&#038;p=5724"},"modified":"2025-10-23T01:07:34","modified_gmt":"2025-10-23T01:07:34","slug":"chai-latte-de-la-casa","status":"publish","type":"product","link":"https:\/\/menu.mercadobarriochino.com\/en\/product\/chai-latte-de-la-casa\/","title":{"rendered":"Chai Latte de la casa"},"content":{"rendered":"<p>Una mezcla cremosa de t\u00e9 y especias arom\u00e1ticas. Delicioso caliente o fr\u00edo que te invita a disfrutar cada sorbo.<\/p>","protected":false},"excerpt":{"rendered":"<p>Una mezcla cremosa de t\u00e9 y especias arom\u00e1ticas. Delicioso caliente o fr\u00edo que te invita a disfrutar cada sorbo.<\/p>","protected":false},"featured_media":5725,"template":"","meta":[],"product_brand":[],"product_cat":[23],"product_tag":[28],"class_list":{"0":"post-5724","1":"product","2":"type-product","3":"status-publish","4":"has-post-thumbnail","6":"product_cat-bebidas","7":"product_tag-bebidas","9":"first","10":"instock","11":"shipping-taxable","12":"purchasable","13":"product-type-simple"},"_links":{"self":[{"href":"https:\/\/menu.mercadobarriochino.com\/en\/wp-json\/wp\/v2\/product\/5724","targetHints":{"allow":["GET"]}}],"collection":[{"href":"https:\/\/menu.mercadobarriochino.com\/en\/wp-json\/wp\/v2\/product"}],"about":[{"href":"https:\/\/menu.mercadobarriochino.com\/en\/wp-json\/wp\/v2\/types\/product"}],"wp:featuredmedia":[{"embeddable":true,"href":"https:\/\/menu.mercadobarriochino.com\/en\/wp-json\/wp\/v2\/media\/5725"}],"wp:attachment":[{"href":"https:\/\/menu.mercadobarriochino.com\/en\/wp-json\/wp\/v2\/media?parent=5724"}],"wp:term":[{"taxonomy":"product_brand","embeddable":true,"href":"https:\/\/menu.mercadobarriochino.com\/en\/wp-json\/wp\/v2\/product_brand?post=5724"},{"taxonomy":"product_cat","embeddable":true,"href":"https:\/\/menu.mercadobarriochino.com\/en\/wp-json\/wp\/v2\/product_cat?post=5724"},{"taxonomy":"product_tag","embeddable":true,"href":"https:\/\/menu.mercadobarriochino.com\/en\/wp-json\/wp\/v2\/product_tag?post=5724"}],"curies":[{"name":"wp","href":"https:\/\/api.w.org\/{rel}","templated":true}]}}